{"id":107,"date":"2023-09-11T12:41:14","date_gmt":"2023-09-11T12:41:14","guid":{"rendered":"https:\/\/cocktailchef.hr\/?page_id=107"},"modified":"2023-10-23T12:26:49","modified_gmt":"2023-10-23T12:26:49","slug":"o-nama","status":"publish","type":"page","link":"https:\/\/cocktailchef.hr\/sr\/o-nama\/","title":{"rendered":"O nama"},"content":{"rendered":"<div data-elementor-type=\"wp-page\" data-elementor-id=\"107\" class=\"elementor elementor-107\" data-elementor-post-type=\"page\">\n\t\t\t\t\t\t<section class=\"elementor-section elementor-top-section elementor-element elementor-element-4bd3525 elementor-section-boxed elementor-section-height-default elementor-section-height-default\" data-id=\"4bd3525\" data-element_type=\"section\" data-e-type=\"section\">\n\t\t\t\t\t\t<div class=\"elementor-container elementor-column-gap-default\">\n\t\t\t\t\t<div class=\"elementor-column elementor-col-100 elementor-top-column elementor-element elementor-element-8b793f6\" data-id=\"8b793f6\" data-element_type=\"column\" data-e-type=\"column\">\n\t\t\t<div class=\"elementor-widget-wrap elementor-element-populated\">\n\t\t\t\t\t\t<div class=\"elementor-element elementor-element-29759d5 elementor-widget-divider--view-line elementor-widget elementor-widget-divider\" data-id=\"29759d5\" data-element_type=\"widget\" data-e-type=\"widget\" data-widget_type=\"divider.default\">\n\t\t\t\t<div class=\"elementor-widget-container\">\n\t\t\t\t\t\t\t<div class=\"elementor-divider\">\n\t\t\t<span class=\"elementor-divider-separator\">\n\t\t\t\t\t\t<\/span>\n\t\t<\/div>\n\t\t\t\t\t\t<\/div>\n\t\t\t\t<\/div>\n\t\t\t\t\t<\/div>\n\t\t<\/div>\n\t\t\t\t\t<\/div>\n\t\t<\/section>\n\t\t\t\t<section class=\"elementor-section elementor-top-section elementor-element elementor-element-7cc19726 elementor-section-full_width elementor-section-height-default elementor-section-height-default\" data-id=\"7cc19726\" data-element_type=\"section\" data-e-type=\"section\">\n\t\t\t\t\t\t<div class=\"elementor-container elementor-column-gap-default\">\n\t\t\t\t\t<div class=\"elementor-column elementor-col-100 elementor-top-column elementor-element elementor-element-75b6410f\" data-id=\"75b6410f\" data-element_type=\"column\" data-e-type=\"column\">\n\t\t\t<div class=\"elementor-widget-wrap elementor-element-populated\">\n\t\t\t\t\t\t<div class=\"elementor-element elementor-element-5e6fed1f elementor-widget elementor-widget-heading\" data-id=\"5e6fed1f\" data-element_type=\"widget\" data-e-type=\"widget\" data-widget_type=\"heading.default\">\n\t\t\t\t<div class=\"elementor-widget-container\">\n\t\t\t\t\t<h2 class=\"elementor-heading-title elementor-size-default\">O nama<\/h2>\t\t\t\t<\/div>\n\t\t\t\t<\/div>\n\t\t\t\t\t<\/div>\n\t\t<\/div>\n\t\t\t\t\t<\/div>\n\t\t<\/section>\n\t\t\t\t<section class=\"elementor-section elementor-top-section elementor-element elementor-element-7726ebfd elementor-section-boxed elementor-section-height-default elementor-section-height-default\" data-id=\"7726ebfd\" data-element_type=\"section\" data-e-type=\"section\">\n\t\t\t\t\t\t<div class=\"elementor-container elementor-column-gap-default\">\n\t\t\t\t\t<div class=\"elementor-column elementor-col-100 elementor-top-column elementor-element elementor-element-1406dba6\" data-id=\"1406dba6\" data-element_type=\"column\" data-e-type=\"column\">\n\t\t\t<div class=\"elementor-widget-wrap elementor-element-populated\">\n\t\t\t\t\t\t<div class=\"elementor-element elementor-element-70385a70 elementor-widget-divider--view-line elementor-widget elementor-widget-divider\" data-id=\"70385a70\" data-element_type=\"widget\" data-e-type=\"widget\" data-widget_type=\"divider.default\">\n\t\t\t\t<div class=\"elementor-widget-container\">\n\t\t\t\t\t\t\t<div class=\"elementor-divider\">\n\t\t\t<span class=\"elementor-divider-separator\">\n\t\t\t\t\t\t<\/span>\n\t\t<\/div>\n\t\t\t\t\t\t<\/div>\n\t\t\t\t<\/div>\n\t\t\t\t\t<\/div>\n\t\t<\/div>\n\t\t\t\t\t<\/div>\n\t\t<\/section>\n\t\t\t\t<section class=\"elementor-section elementor-top-section elementor-element elementor-element-a2da63f elementor-section-full_width elementor-section-height-default elementor-section-height-default\" data-id=\"a2da63f\" data-element_type=\"section\" data-e-type=\"section\">\n\t\t\t\t\t\t<div class=\"elementor-container elementor-column-gap-default\">\n\t\t\t\t\t<div class=\"elementor-column elementor-col-50 elementor-top-column elementor-element elementor-element-8d203df\" data-id=\"8d203df\" data-element_type=\"column\" data-e-type=\"column\">\n\t\t\t<div class=\"elementor-widget-wrap elementor-element-populated\">\n\t\t\t\t\t\t<div class=\"elementor-element elementor-element-8c0038d elementor-widget elementor-widget-text-editor\" data-id=\"8c0038d\" data-element_type=\"widget\" data-e-type=\"widget\" data-widget_type=\"text-editor.default\">\n\t\t\t\t<div class=\"elementor-widget-container\">\n\t\t\t\t\t\t\t\t\t<p>Jedinstveni u Hrvatskoj i na prostoru regije<br \/>POSTANI SAM SVOJ \u0160EF UZ COCKTAILCHEF &#8211; \u017dELITE DODATNU ZARADU ILI<br \/>PASIVNI PRIHOD<\/p><p>Postanite poslovni partner u sna\u017enom i uspje\u0161nom Cocktailchef timu!<br \/>Zaboravite na te\u0161ke postavke ili glavobolje oko personala, sa Cocktail Chef Barom<br \/>sve je jednostavno.Uz redovan posao mo\u017eete dodatno zaraditi-rade\u0107i samo<br \/>vikendom ili po dogovoru-proizvod \u0161iri pozitivu kod gostiju i stvara daljnju<br \/>preporuku.<\/p><p>Nema fiksnih obaveza kod nabave pi\u0107a za mobilni sistem sami birate<br \/>dobavlja\u010da-ali sigurni smo da i tu imamo najbolje cijene za ponuditi.(Za cijenik<br \/>pi\u0107a postavite poseban upit)<br \/>U dana\u0161nje vrijeme kada vlada nesta\u0161ica kvalificirane radne snage predstavljamo<br \/>vam mobilni koktel bar na kojem jednostavno mo\u017ee raditi svatko , na eventima se<br \/>gosti \u010dak i sami mogu poslu\u017eiti.<\/p><p>Nakon par sekundi uputa dovoljno je odabrati \u017eeljeni koktel i pritiskom na<br \/>touchscreen va\u0161 koktel se ve\u0107 mije\u0161a.<br \/>Ako razmi\u0161ljate o pokretanju vlastitog biznisa dajemo vam provjereno rje\u0161enje-<br \/>Postanite uspje\u0161ni kupnjom fran\u0161ize i kao mobilni koktel bar\/kuhar u svojoj regiji<br \/>iznajmljivanjem mobilnih sustava koktel kuhara za bilo koju vrstu proslave, bilo<br \/>privatnu ili komercijalnu.<\/p><p>Iskoristite veliku potra\u017enju za na\u0161im Cocktailchef sustavima i ponudite svojim<br \/>kupcima izvrsnu uslugu po fer cijenama!<br \/>Preko 60 recepata za koktele instaliranih unaprijed sa mogu\u010dno\u0161\u0107i dodavanja bez<br \/>brige i napora.<\/p><p>\u010cak i \u010di\u0161\u0107enje ide pritiskom na gumb.<br \/>Povezivanje sa do 14 raznih gotovih sastojaka.(alkoholna pi\u0107a,likeri,sokovi)<br \/>Od 2013. godine aktivni smo u iznajmljivanju na\u0161ih Cocktailchef sustava.<\/p>\t\t\t\t\t\t\t\t<\/div>\n\t\t\t\t<\/div>\n\t\t\t\t\t<\/div>\n\t\t<\/div>\n\t\t\t\t<div class=\"elementor-column elementor-col-50 elementor-top-column elementor-element elementor-element-69ba30d\" data-id=\"69ba30d\" data-element_type=\"column\" data-e-type=\"column\">\n\t\t\t<div class=\"elementor-widget-wrap elementor-element-populated\">\n\t\t\t\t\t\t<div class=\"elementor-element elementor-element-e8ddc59 elementor-widget elementor-widget-text-editor\" data-id=\"e8ddc59\" data-element_type=\"widget\" data-e-type=\"widget\" data-widget_type=\"text-editor.default\">\n\t\t\t\t<div class=\"elementor-widget-container\">\n\t\t\t\t\t\t\t\t\t<p>Koriste\u0107i stvarne brojeve i primjere, pokazat \u0107emo vam kako mo\u017eete zapo\u010deti<br \/>ovu godinu sa sastancima na licu mjesta u va\u0161oj regiji i izgraditi uspje\u0161no fran\u0161izno<br \/>poslovanje .<\/p><p>Ulazna cijena fran\u0161ize i aparata je jako niska usporedno sa ostalim<br \/>fran\u0161izama,povratak kapitala jako brz<br \/>Ve\u0107 jedan event mo\u017ee pokriti tro\u0161kove leasinga-servis tj royalty po koktelu se pla\u0107a<br \/>1 euro samo kada se prodaje proizvod(koktel).<\/p><p>Do\u017eivotna garancija: Amortizacija investicije :<br \/>krstitke,sajmovi,ro\u0111endani,<br \/>Mobilnost :<br \/>svadbe,advent,ma\u0161kare,<br \/>Potpuna kontrola tro\u0161kova putem integriranog broja\u010da : poslovni susreti<br \/>Stvarna naplata<br \/>Potro\u0161nja bez ostataka<br \/>Svi sastojci i kompletan pribor.<\/p><p>POSTANI SAM SVOJ \u0160EF<\/p><p>POSTANI COCKTAILCHEF<\/p><p>Za razne Catering kompanije za ugostitelje koji \u0161ire i oplemenjuju svoj<br \/>posao ,za male obrtnike i za obi\u010dne \u201emale ljude\u201c sa malom u\u0161te\u0111evinom<br \/>koji umjesto da im vrijednost novca inflacija smanji -ulo\u017ee u Cocktailchef<br \/>fran\u0161izu: Gdje aparat ostaje a licenca se mo\u017ee prodati dalje.<br \/>Uz sve to Cocktailchef fran\u0161iza daje do\u017eivotnu podr\u0161ku,prepoznatljivost<br \/>brenda,jednostavnost poslovnog modela,odr\u017eivost poslovanja i odli\u010dnu<br \/>startnu pozicija kod pokretanja poslovanja uz minimalna ulaganja.<\/p><p>Jo\u0161 uvijek smo na putu \u0161irenja. I vi mo\u017eete iskoristiti na\u0161u mre\u017eu jednom kada<br \/>postanete dio CC obitelji.<\/p>\t\t\t\t\t\t\t\t<\/div>\n\t\t\t\t<\/div>\n\t\t\t\t\t<\/div>\n\t\t<\/div>\n\t\t\t\t\t<\/div>\n\t\t<\/section>\n\t\t\t\t<section class=\"elementor-section elementor-top-section elementor-element elementor-element-f4f298d elementor-section-full_width elementor-section-height-default elementor-section-height-default\" data-id=\"f4f298d\" data-element_type=\"section\" data-e-type=\"section\">\n\t\t\t\t\t\t<div class=\"elementor-container elementor-column-gap-default\">\n\t\t\t\t\t<div class=\"elementor-column elementor-col-100 elementor-top-column elementor-element elementor-element-349554fc\" data-id=\"349554fc\" data-element_type=\"column\" data-e-type=\"column\">\n\t\t\t<div class=\"elementor-widget-wrap elementor-element-populated\">\n\t\t\t\t\t\t<div class=\"elementor-element elementor-element-4e8de2b2 elementor-widget elementor-widget-theme-site-logo elementor-widget-image\" data-id=\"4e8de2b2\" data-element_type=\"widget\" data-e-type=\"widget\" data-widget_type=\"theme-site-logo.default\">\n\t\t\t\t<div class=\"elementor-widget-container\">\n\t\t\t\t\t\t\t\t\t\t\t<a href=\"https:\/\/cocktailchef.hr\/sr\">\n\t\t\t<img fetchpriority=\"high\" decoding=\"async\" width=\"3104\" height=\"1802\" src=\"https:\/\/cocktailchef.hr\/wp-content\/uploads\/2023\/09\/Cocktailchef_Logo_3_21_94_0.png\" class=\"attachment-full size-full wp-image-247\" alt=\"\" srcset=\"https:\/\/cocktailchef.hr\/wp-content\/uploads\/2023\/09\/Cocktailchef_Logo_3_21_94_0.png 3104w, https:\/\/cocktailchef.hr\/wp-content\/uploads\/2023\/09\/Cocktailchef_Logo_3_21_94_0-300x174.png 300w, https:\/\/cocktailchef.hr\/wp-content\/uploads\/2023\/09\/Cocktailchef_Logo_3_21_94_0-1024x594.png 1024w, https:\/\/cocktailchef.hr\/wp-content\/uploads\/2023\/09\/Cocktailchef_Logo_3_21_94_0-768x446.png 768w, https:\/\/cocktailchef.hr\/wp-content\/uploads\/2023\/09\/Cocktailchef_Logo_3_21_94_0-1536x892.png 1536w, https:\/\/cocktailchef.hr\/wp-content\/uploads\/2023\/09\/Cocktailchef_Logo_3_21_94_0-2048x1189.png 2048w\" sizes=\"(max-width: 3104px) 100vw, 3104px\" \/>\t\t\t\t<\/a>\n\t\t\t\t\t\t\t\t\t\t\t<\/div>\n\t\t\t\t<\/div>\n\t\t\t\t\t<\/div>\n\t\t<\/div>\n\t\t\t\t\t<\/div>\n\t\t<\/section>\n\t\t\t\t<section class=\"elementor-section elementor-top-section elementor-element elementor-element-62c740ed elementor-section-full_width elementor-section-height-default elementor-section-height-default\" data-id=\"62c740ed\" data-element_type=\"section\" data-e-type=\"section\">\n\t\t\t\t\t\t<div class=\"elementor-container elementor-column-gap-default\">\n\t\t\t\t\t<div class=\"elementor-column elementor-col-100 elementor-top-column elementor-element elementor-element-665d7695\" data-id=\"665d7695\" data-element_type=\"column\" data-e-type=\"column\">\n\t\t\t<div class=\"elementor-widget-wrap elementor-element-populated\">\n\t\t\t\t\t\t<div class=\"elementor-element elementor-element-667291b elementor-widget-divider--view-line elementor-widget elementor-widget-divider\" data-id=\"667291b\" data-element_type=\"widget\" data-e-type=\"widget\" data-widget_type=\"divider.default\">\n\t\t\t\t<div class=\"elementor-widget-container\">\n\t\t\t\t\t\t\t<div class=\"elementor-divider\">\n\t\t\t<span class=\"elementor-divider-separator\">\n\t\t\t\t\t\t<\/span>\n\t\t<\/div>\n\t\t\t\t\t\t<\/div>\n\t\t\t\t<\/div>\n\t\t\t\t\t<\/div>\n\t\t<\/div>\n\t\t\t\t\t<\/div>\n\t\t<\/section>\n\t\t\t\t<section class=\"elementor-section elementor-top-section elementor-element elementor-element-7b9e32bc elementor-section-full_width elementor-section-height-default elementor-section-height-default\" data-id=\"7b9e32bc\" data-element_type=\"section\" data-e-type=\"section\">\n\t\t\t\t\t\t<div class=\"elementor-container elementor-column-gap-default\">\n\t\t\t\t\t<div class=\"elementor-column elementor-col-100 elementor-top-column elementor-element elementor-element-78b495e7\" data-id=\"78b495e7\" data-element_type=\"column\" data-e-type=\"column\">\n\t\t\t<div class=\"elementor-widget-wrap elementor-element-populated\">\n\t\t\t\t\t\t<div class=\"elementor-element elementor-element-58e0967a elementor-arrows-position-inside elementor-pagination-position-outside elementor-widget elementor-widget-image-carousel\" data-id=\"58e0967a\" data-element_type=\"widget\" data-e-type=\"widget\" data-settings=\"{&quot;slides_to_show&quot;:&quot;3&quot;,&quot;lazyload&quot;:&quot;yes&quot;,&quot;navigation&quot;:&quot;both&quot;,&quot;autoplay&quot;:&quot;yes&quot;,&quot;pause_on_hover&quot;:&quot;yes&quot;,&quot;pause_on_interaction&quot;:&quot;yes&quot;,&quot;autoplay_speed&quot;:5000,&quot;infinite&quot;:&quot;yes&quot;,&quot;speed&quot;:500}\" data-widget_type=\"image-carousel.default\">\n\t\t\t\t<div class=\"elementor-widget-container\">\n\t\t\t\t\t\t\t<div class=\"elementor-image-carousel-wrapper swiper\" role=\"region\" aria-roledescription=\"carousel\" aria-label=\"Vrtuljak slika\" dir=\"ltr\">\n\t\t\t<div class=\"elementor-image-carousel swiper-wrapper swiper-image-stretch\" aria-live=\"off\">\n\t\t\t\t\t\t\t\t<div class=\"swiper-slide\" role=\"group\" aria-roledescription=\"slide\" aria-label=\"1 od 6\"><figure class=\"swiper-slide-inner\"><img class=\"swiper-slide-image swiper-lazy\" data-src=\"https:\/\/cocktailchef.hr\/wp-content\/uploads\/2023\/09\/162_galerie12-1.jpg\" alt=\"162_galerie12.jpg\" \/><div class=\"swiper-lazy-preloader\"><\/div><\/figure><\/div><div class=\"swiper-slide\" role=\"group\" aria-roledescription=\"slide\" aria-label=\"2 od 6\"><figure class=\"swiper-slide-inner\"><img class=\"swiper-slide-image swiper-lazy\" data-src=\"https:\/\/cocktailchef.hr\/wp-content\/uploads\/2023\/09\/163_galerie9-1.jpg\" alt=\"163_galerie9.jpg\" \/><div class=\"swiper-lazy-preloader\"><\/div><\/figure><\/div><div class=\"swiper-slide\" role=\"group\" aria-roledescription=\"slide\" aria-label=\"3 od 6\"><figure class=\"swiper-slide-inner\"><img class=\"swiper-slide-image swiper-lazy\" data-src=\"https:\/\/cocktailchef.hr\/wp-content\/uploads\/2023\/09\/154_galerie10-1.jpg\" alt=\"154_galerie10.jpg\" \/><div class=\"swiper-lazy-preloader\"><\/div><\/figure><\/div><div class=\"swiper-slide\" role=\"group\" aria-roledescription=\"slide\" aria-label=\"4 od 6\"><figure class=\"swiper-slide-inner\"><img class=\"swiper-slide-image swiper-lazy\" data-src=\"https:\/\/cocktailchef.hr\/wp-content\/uploads\/2023\/09\/158_galerie3-1.jpg\" alt=\"158_galerie3.jpg\" \/><div class=\"swiper-lazy-preloader\"><\/div><\/figure><\/div><div class=\"swiper-slide\" role=\"group\" aria-roledescription=\"slide\" aria-label=\"5 od 6\"><figure class=\"swiper-slide-inner\"><img class=\"swiper-slide-image swiper-lazy\" data-src=\"https:\/\/cocktailchef.hr\/wp-content\/uploads\/2023\/09\/166_galerie7-1-1.jpg\" alt=\"166_galerie7-1.jpg\" \/><div class=\"swiper-lazy-preloader\"><\/div><\/figure><\/div><div class=\"swiper-slide\" role=\"group\" aria-roledescription=\"slide\" aria-label=\"6 od 6\"><figure class=\"swiper-slide-inner\"><img class=\"swiper-slide-image swiper-lazy\" data-src=\"https:\/\/cocktailchef.hr\/wp-content\/uploads\/2023\/09\/159_galerie5-1.jpg\" alt=\"159_galerie5.jpg\" \/><div class=\"swiper-lazy-preloader\"><\/div><\/figure><\/div>\t\t\t<\/div>\n\t\t\t\t\t\t\t\t\t\t\t\t<div class=\"elementor-swiper-button elementor-swiper-button-prev\" role=\"button\" tabindex=\"0\">\n\t\t\t\t\t\t<i aria-hidden=\"true\" class=\"eicon-chevron-left\"><\/i>\t\t\t\t\t<\/div>\n\t\t\t\t\t<div class=\"elementor-swiper-button elementor-swiper-button-next\" role=\"button\" tabindex=\"0\">\n\t\t\t\t\t\t<i aria-hidden=\"true\" class=\"eicon-chevron-right\"><\/i>\t\t\t\t\t<\/div>\n\t\t\t\t\n\t\t\t\t\t\t\t\t\t<div class=\"swiper-pagination\"><\/div>\n\t\t\t\t\t\t\t\t\t<\/div>\n\t\t\t\t\t\t<\/div>\n\t\t\t\t<\/div>\n\t\t\t\t\t<\/div>\n\t\t<\/div>\n\t\t\t\t\t<\/div>\n\t\t<\/section>\n\t\t\t\t<\/div>","protected":false},"excerpt":{"rendered":"<p>O nama Jedinstveni u Hrvatskoj i na prostoru regijePOSTANI SAM SVOJ \u0160EF UZ COCKTAILCHEF &#8211; \u017dELITE DODATNU ZARADU ILIPASIVNI PRIHOD Postanite poslovni partner u sna\u017enom i uspje\u0161nom Cocktailchef timu!Zaboravite na te\u0161ke postavke ili glavobolje oko personala, sa Cocktail Chef Baromsve je jednostavno.Uz redovan posao mo\u017eete dodatno zaraditi-rade\u0107i samovikendom ili po dogovoru-proizvod \u0161iri pozitivu kod gostiju [&hellip;]<\/p>\n","protected":false},"author":1,"featured_media":0,"parent":0,"menu_order":0,"comment_status":"closed","ping_status":"closed","template":"","meta":{"footnotes":""},"class_list":["post-107","page","type-page","status-publish","hentry"],"yoast_head":"<!-- This site is optimized with the Yoast SEO plugin v26.9 - https:\/\/yoast.com\/product\/yoast-seo-wordpress\/ -->\n<title>O nama - Cocktail Chef<\/title>\n<meta name=\"robots\" content=\"index, follow, max-snippet:-1, max-image-preview:large, max-video-preview:-1\" \/>\n<link rel=\"canonical\" href=\"https:\/\/cocktailchef.hr\/sr\/o-nama\/\" \/>\n<meta property=\"og:locale\" content=\"sr_RS\" \/>\n<meta property=\"og:type\" content=\"article\" \/>\n<meta property=\"og:title\" content=\"O nama - Cocktail Chef\" \/>\n<meta property=\"og:description\" content=\"O nama Jedinstveni u Hrvatskoj i na prostoru regijePOSTANI SAM SVOJ \u0160EF UZ COCKTAILCHEF &#8211; \u017dELITE DODATNU ZARADU ILIPASIVNI PRIHOD Postanite poslovni partner u sna\u017enom i uspje\u0161nom Cocktailchef timu!Zaboravite na te\u0161ke postavke ili glavobolje oko personala, sa Cocktail Chef Baromsve je jednostavno.Uz redovan posao mo\u017eete dodatno zaraditi-rade\u0107i samovikendom ili po dogovoru-proizvod \u0161iri pozitivu kod gostiju [&hellip;]\" \/>\n<meta property=\"og:url\" content=\"https:\/\/cocktailchef.hr\/sr\/o-nama\/\" \/>\n<meta property=\"og:site_name\" content=\"Cocktail Chef\" \/>\n<meta property=\"article:modified_time\" content=\"2023-10-23T12:26:49+00:00\" \/>\n<meta property=\"og:image\" content=\"https:\/\/cocktailchef.hr\/wp-content\/uploads\/2023\/09\/162_galerie12-1.jpg\" \/>\n<meta name=\"twitter:card\" content=\"summary_large_image\" \/>\n<meta name=\"twitter:label1\" content=\"\u041f\u0440\u043e\u0446\u0435\u045a\u0435\u043d\u043e \u0432\u0440\u0435\u043c\u0435 \u0447\u0438\u0442\u0430\u045a\u0430\" \/>\n\t<meta name=\"twitter:data1\" content=\"5 \u043c\u0438\u043d\u0443\u0442\u0430\" \/>\n<script type=\"application\/ld+json\" class=\"yoast-schema-graph\">{\"@context\":\"https:\/\/schema.org\",\"@graph\":[{\"@type\":\"WebPage\",\"@id\":\"https:\/\/cocktailchef.hr\/o-nama\/\",\"url\":\"https:\/\/cocktailchef.hr\/o-nama\/\",\"name\":\"O nama - Cocktail Chef\",\"isPartOf\":{\"@id\":\"https:\/\/cocktailchef.hr\/#website\"},\"primaryImageOfPage\":{\"@id\":\"https:\/\/cocktailchef.hr\/o-nama\/#primaryimage\"},\"image\":{\"@id\":\"https:\/\/cocktailchef.hr\/o-nama\/#primaryimage\"},\"thumbnailUrl\":\"https:\/\/cocktailchef.hr\/wp-content\/uploads\/2023\/09\/162_galerie12-1.jpg\",\"datePublished\":\"2023-09-11T12:41:14+00:00\",\"dateModified\":\"2023-10-23T12:26:49+00:00\",\"breadcrumb\":{\"@id\":\"https:\/\/cocktailchef.hr\/o-nama\/#breadcrumb\"},\"inLanguage\":\"sr-RS\",\"potentialAction\":[{\"@type\":\"ReadAction\",\"target\":[\"https:\/\/cocktailchef.hr\/o-nama\/\"]}]},{\"@type\":\"ImageObject\",\"inLanguage\":\"sr-RS\",\"@id\":\"https:\/\/cocktailchef.hr\/o-nama\/#primaryimage\",\"url\":\"https:\/\/cocktailchef.hr\/wp-content\/uploads\/2023\/09\/162_galerie12-1.jpg\",\"contentUrl\":\"https:\/\/cocktailchef.hr\/wp-content\/uploads\/2023\/09\/162_galerie12-1.jpg\"},{\"@type\":\"BreadcrumbList\",\"@id\":\"https:\/\/cocktailchef.hr\/o-nama\/#breadcrumb\",\"itemListElement\":[{\"@type\":\"ListItem\",\"position\":1,\"name\":\"Home\",\"item\":\"https:\/\/cocktailchef.hr\/\"},{\"@type\":\"ListItem\",\"position\":2,\"name\":\"O nama\"}]},{\"@type\":\"WebSite\",\"@id\":\"https:\/\/cocktailchef.hr\/#website\",\"url\":\"https:\/\/cocktailchef.hr\/\",\"name\":\"Cocktail Chef\",\"description\":\"\",\"publisher\":{\"@id\":\"https:\/\/cocktailchef.hr\/#organization\"},\"potentialAction\":[{\"@type\":\"SearchAction\",\"target\":{\"@type\":\"EntryPoint\",\"urlTemplate\":\"https:\/\/cocktailchef.hr\/?s={search_term_string}\"},\"query-input\":{\"@type\":\"PropertyValueSpecification\",\"valueRequired\":true,\"valueName\":\"search_term_string\"}}],\"inLanguage\":\"sr-RS\"},{\"@type\":\"Organization\",\"@id\":\"https:\/\/cocktailchef.hr\/#organization\",\"name\":\"Cocktail Chef\",\"url\":\"https:\/\/cocktailchef.hr\/\",\"logo\":{\"@type\":\"ImageObject\",\"inLanguage\":\"sr-RS\",\"@id\":\"https:\/\/cocktailchef.hr\/#\/schema\/logo\/image\/\",\"url\":\"https:\/\/cocktailchef.hr\/wp-content\/uploads\/2023\/09\/Cocktailchef_Logo_3_21_94_0.png\",\"contentUrl\":\"https:\/\/cocktailchef.hr\/wp-content\/uploads\/2023\/09\/Cocktailchef_Logo_3_21_94_0.png\",\"width\":3104,\"height\":1802,\"caption\":\"Cocktail Chef \"},\"image\":{\"@id\":\"https:\/\/cocktailchef.hr\/#\/schema\/logo\/image\/\"},\"sameAs\":[\"https:\/\/www.instagram.com\/cocktailchefcroatia\/#\"]}]}<\/script>\n<!-- \/ Yoast SEO plugin. -->","yoast_head_json":{"title":"O nama - Cocktail Chef","robots":{"index":"index","follow":"follow","max-snippet":"max-snippet:-1","max-image-preview":"max-image-preview:large","max-video-preview":"max-video-preview:-1"},"canonical":"https:\/\/cocktailchef.hr\/sr\/o-nama\/","og_locale":"sr_RS","og_type":"article","og_title":"O nama - Cocktail Chef","og_description":"O nama Jedinstveni u Hrvatskoj i na prostoru regijePOSTANI SAM SVOJ \u0160EF UZ COCKTAILCHEF &#8211; \u017dELITE DODATNU ZARADU ILIPASIVNI PRIHOD Postanite poslovni partner u sna\u017enom i uspje\u0161nom Cocktailchef timu!Zaboravite na te\u0161ke postavke ili glavobolje oko personala, sa Cocktail Chef Baromsve je jednostavno.Uz redovan posao mo\u017eete dodatno zaraditi-rade\u0107i samovikendom ili po dogovoru-proizvod \u0161iri pozitivu kod gostiju [&hellip;]","og_url":"https:\/\/cocktailchef.hr\/sr\/o-nama\/","og_site_name":"Cocktail Chef","article_modified_time":"2023-10-23T12:26:49+00:00","og_image":[{"url":"https:\/\/cocktailchef.hr\/wp-content\/uploads\/2023\/09\/162_galerie12-1.jpg","type":"","width":"","height":""}],"twitter_card":"summary_large_image","twitter_misc":{"\u041f\u0440\u043e\u0446\u0435\u045a\u0435\u043d\u043e \u0432\u0440\u0435\u043c\u0435 \u0447\u0438\u0442\u0430\u045a\u0430":"5 \u043c\u0438\u043d\u0443\u0442\u0430"},"schema":{"@context":"https:\/\/schema.org","@graph":[{"@type":"WebPage","@id":"https:\/\/cocktailchef.hr\/o-nama\/","url":"https:\/\/cocktailchef.hr\/o-nama\/","name":"O nama - Cocktail Chef","isPartOf":{"@id":"https:\/\/cocktailchef.hr\/#website"},"primaryImageOfPage":{"@id":"https:\/\/cocktailchef.hr\/o-nama\/#primaryimage"},"image":{"@id":"https:\/\/cocktailchef.hr\/o-nama\/#primaryimage"},"thumbnailUrl":"https:\/\/cocktailchef.hr\/wp-content\/uploads\/2023\/09\/162_galerie12-1.jpg","datePublished":"2023-09-11T12:41:14+00:00","dateModified":"2023-10-23T12:26:49+00:00","breadcrumb":{"@id":"https:\/\/cocktailchef.hr\/o-nama\/#breadcrumb"},"inLanguage":"sr-RS","potentialAction":[{"@type":"ReadAction","target":["https:\/\/cocktailchef.hr\/o-nama\/"]}]},{"@type":"ImageObject","inLanguage":"sr-RS","@id":"https:\/\/cocktailchef.hr\/o-nama\/#primaryimage","url":"https:\/\/cocktailchef.hr\/wp-content\/uploads\/2023\/09\/162_galerie12-1.jpg","contentUrl":"https:\/\/cocktailchef.hr\/wp-content\/uploads\/2023\/09\/162_galerie12-1.jpg"},{"@type":"BreadcrumbList","@id":"https:\/\/cocktailchef.hr\/o-nama\/#breadcrumb","itemListElement":[{"@type":"ListItem","position":1,"name":"Home","item":"https:\/\/cocktailchef.hr\/"},{"@type":"ListItem","position":2,"name":"O nama"}]},{"@type":"WebSite","@id":"https:\/\/cocktailchef.hr\/#website","url":"https:\/\/cocktailchef.hr\/","name":"Cocktail Chef","description":"","publisher":{"@id":"https:\/\/cocktailchef.hr\/#organization"},"potentialAction":[{"@type":"SearchAction","target":{"@type":"EntryPoint","urlTemplate":"https:\/\/cocktailchef.hr\/?s={search_term_string}"},"query-input":{"@type":"PropertyValueSpecification","valueRequired":true,"valueName":"search_term_string"}}],"inLanguage":"sr-RS"},{"@type":"Organization","@id":"https:\/\/cocktailchef.hr\/#organization","name":"Cocktail Chef","url":"https:\/\/cocktailchef.hr\/","logo":{"@type":"ImageObject","inLanguage":"sr-RS","@id":"https:\/\/cocktailchef.hr\/#\/schema\/logo\/image\/","url":"https:\/\/cocktailchef.hr\/wp-content\/uploads\/2023\/09\/Cocktailchef_Logo_3_21_94_0.png","contentUrl":"https:\/\/cocktailchef.hr\/wp-content\/uploads\/2023\/09\/Cocktailchef_Logo_3_21_94_0.png","width":3104,"height":1802,"caption":"Cocktail Chef "},"image":{"@id":"https:\/\/cocktailchef.hr\/#\/schema\/logo\/image\/"},"sameAs":["https:\/\/www.instagram.com\/cocktailchefcroatia\/#"]}]}},"jetpack_sharing_enabled":true,"_links":{"self":[{"href":"https:\/\/cocktailchef.hr\/sr\/wp-json\/wp\/v2\/pages\/107","targetHints":{"allow":["GET"]}}],"collection":[{"href":"https:\/\/cocktailchef.hr\/sr\/wp-json\/wp\/v2\/pages"}],"about":[{"href":"https:\/\/cocktailchef.hr\/sr\/wp-json\/wp\/v2\/types\/page"}],"author":[{"embeddable":true,"href":"https:\/\/cocktailchef.hr\/sr\/wp-json\/wp\/v2\/users\/1"}],"replies":[{"embeddable":true,"href":"https:\/\/cocktailchef.hr\/sr\/wp-json\/wp\/v2\/comments?post=107"}],"version-history":[{"count":19,"href":"https:\/\/cocktailchef.hr\/sr\/wp-json\/wp\/v2\/pages\/107\/revisions"}],"predecessor-version":[{"id":314,"href":"https:\/\/cocktailchef.hr\/sr\/wp-json\/wp\/v2\/pages\/107\/revisions\/314"}],"wp:attachment":[{"href":"https:\/\/cocktailchef.hr\/sr\/wp-json\/wp\/v2\/media?parent=107"}],"curies":[{"name":"wp","href":"https:\/\/api.w.org\/{rel}","templated":true}]}}