{"id":107,"date":"2023-09-11T12:41:14","date_gmt":"2023-09-11T12:41:14","guid":{"rendered":"https:\/\/cocktailchef.hr\/?page_id=107"},"modified":"2023-10-23T12:26:49","modified_gmt":"2023-10-23T12:26:49","slug":"o-nama","status":"publish","type":"page","link":"https:\/\/cocktailchef.hr\/sl\/o-nama\/","title":{"rendered":"O nas"},"content":{"rendered":"<div data-elementor-type=\"wp-page\" data-elementor-id=\"107\" class=\"elementor elementor-107\" data-elementor-post-type=\"page\">\n\t\t\t\t\t\t<section class=\"elementor-section elementor-top-section elementor-element elementor-element-4bd3525 elementor-section-boxed elementor-section-height-default elementor-section-height-default\" data-id=\"4bd3525\" data-element_type=\"section\" data-e-type=\"section\">\n\t\t\t\t\t\t<div class=\"elementor-container elementor-column-gap-default\">\n\t\t\t\t\t<div class=\"elementor-column elementor-col-100 elementor-top-column elementor-element elementor-element-8b793f6\" data-id=\"8b793f6\" data-element_type=\"column\" data-e-type=\"column\">\n\t\t\t<div class=\"elementor-widget-wrap elementor-element-populated\">\n\t\t\t\t\t\t<div class=\"elementor-element elementor-element-29759d5 elementor-widget-divider--view-line elementor-widget elementor-widget-divider\" data-id=\"29759d5\" data-element_type=\"widget\" data-e-type=\"widget\" data-widget_type=\"divider.default\">\n\t\t\t\t<div class=\"elementor-widget-container\">\n\t\t\t\t\t\t\t<div class=\"elementor-divider\">\n\t\t\t<span class=\"elementor-divider-separator\">\n\t\t\t\t\t\t<\/span>\n\t\t<\/div>\n\t\t\t\t\t\t<\/div>\n\t\t\t\t<\/div>\n\t\t\t\t\t<\/div>\n\t\t<\/div>\n\t\t\t\t\t<\/div>\n\t\t<\/section>\n\t\t\t\t<section class=\"elementor-section elementor-top-section elementor-element elementor-element-7cc19726 elementor-section-full_width elementor-section-height-default elementor-section-height-default\" data-id=\"7cc19726\" data-element_type=\"section\" data-e-type=\"section\">\n\t\t\t\t\t\t<div class=\"elementor-container elementor-column-gap-default\">\n\t\t\t\t\t<div class=\"elementor-column elementor-col-100 elementor-top-column elementor-element elementor-element-75b6410f\" data-id=\"75b6410f\" data-element_type=\"column\" data-e-type=\"column\">\n\t\t\t<div class=\"elementor-widget-wrap elementor-element-populated\">\n\t\t\t\t\t\t<div class=\"elementor-element elementor-element-5e6fed1f elementor-widget elementor-widget-heading\" data-id=\"5e6fed1f\" data-element_type=\"widget\" data-e-type=\"widget\" data-widget_type=\"heading.default\">\n\t\t\t\t<div class=\"elementor-widget-container\">\n\t\t\t\t\t<h2 class=\"elementor-heading-title elementor-size-default\">O nas<\/h2>\t\t\t\t<\/div>\n\t\t\t\t<\/div>\n\t\t\t\t\t<\/div>\n\t\t<\/div>\n\t\t\t\t\t<\/div>\n\t\t<\/section>\n\t\t\t\t<section class=\"elementor-section elementor-top-section elementor-element elementor-element-7726ebfd elementor-section-boxed elementor-section-height-default elementor-section-height-default\" data-id=\"7726ebfd\" data-element_type=\"section\" data-e-type=\"section\">\n\t\t\t\t\t\t<div class=\"elementor-container elementor-column-gap-default\">\n\t\t\t\t\t<div class=\"elementor-column elementor-col-100 elementor-top-column elementor-element elementor-element-1406dba6\" data-id=\"1406dba6\" data-element_type=\"column\" data-e-type=\"column\">\n\t\t\t<div class=\"elementor-widget-wrap elementor-element-populated\">\n\t\t\t\t\t\t<div class=\"elementor-element elementor-element-70385a70 elementor-widget-divider--view-line elementor-widget elementor-widget-divider\" data-id=\"70385a70\" data-element_type=\"widget\" data-e-type=\"widget\" data-widget_type=\"divider.default\">\n\t\t\t\t<div class=\"elementor-widget-container\">\n\t\t\t\t\t\t\t<div class=\"elementor-divider\">\n\t\t\t<span class=\"elementor-divider-separator\">\n\t\t\t\t\t\t<\/span>\n\t\t<\/div>\n\t\t\t\t\t\t<\/div>\n\t\t\t\t<\/div>\n\t\t\t\t\t<\/div>\n\t\t<\/div>\n\t\t\t\t\t<\/div>\n\t\t<\/section>\n\t\t\t\t<section class=\"elementor-section elementor-top-section elementor-element elementor-element-a2da63f elementor-section-full_width elementor-section-height-default elementor-section-height-default\" data-id=\"a2da63f\" data-element_type=\"section\" data-e-type=\"section\">\n\t\t\t\t\t\t<div class=\"elementor-container elementor-column-gap-default\">\n\t\t\t\t\t<div class=\"elementor-column elementor-col-50 elementor-top-column elementor-element elementor-element-8d203df\" data-id=\"8d203df\" data-element_type=\"column\" data-e-type=\"column\">\n\t\t\t<div class=\"elementor-widget-wrap elementor-element-populated\">\n\t\t\t\t\t\t<div class=\"elementor-element elementor-element-8c0038d elementor-widget elementor-widget-text-editor\" data-id=\"8c0038d\" data-element_type=\"widget\" data-e-type=\"widget\" data-widget_type=\"text-editor.default\">\n\t\t\t\t<div class=\"elementor-widget-container\">\n\t\t\t\t\t\t\t\t\t<p>Edinstven na Hrva\u0161kem in v regiji<br \/>POSTANI SAM SVOJ \u0160EF S COCKTAILCHEF \u2013 SI \u017dELI\u0160 DODATNEGA ZASLU\u017dKA OZ.<br \/>PASIVNI DOHODEK<\/p><p>Postanite poslovni partner mo\u010dne in uspe\u0161ne ekipe Cocktailchefa!<br \/>Pozabite na te\u017eke nastavitve ali glavobole glede osebja s Cocktail Chef Barom<br \/>vse je preprosto Z redno zaposlitvijo se da dodatno zaslu\u017eiti - samo z delom<br \/>ob vikendih ali po dogovoru - produkt \u0161iri pozitivnost med gosti in ustvarja nadaljnje<br \/>priporo\u010dilo.<\/p><p>Pri nakupu pija\u010de za mobilni sistem ni fiksnih obveznosti, izbirate sami<br \/>dobavitelj - vendar smo prepri\u010dani, da imamo tudi tam najbolj\u0161e cene. (Za cenik<br \/>pija\u010de, prosimo za posebno zahtevo)<br \/>V dana\u0161njem \u010dasu, ko primanjkuje usposobljene delovne sile predstavljamo<br \/>ste mobilni koktajl bar, v katerem lahko vsak zlahka dela na dogodkih<br \/>gostje si lahko postre\u017eejo celo sami.<\/p><p>Po nekaj sekundnih navodilih je dovolj, da izberete \u017eeleni koktajl in pritisnete gumb<br \/>zaslon na dotik se va\u0161 koktajl \u017ee me\u0161a.<br \/>\u010ce razmi\u0161ljate o ustanovitvi lastnega podjetja, vam ponujamo preverjeno re\u0161itev -<br \/>Postanite uspe\u0161ni z nakupom fran\u0161ize in kot mobilni koktajl bar\/kuhar v va\u0161i regiji<br \/>z najemom mobilnih sistemov cocktail chef za kakr\u0161na koli praznovanja<br \/>zasebno ali komercialno.<\/p><p>Izkoristite veliko povpra\u0161evanje po na\u0161ih sistemih Cocktailchef in ponudite svojega<br \/>odli\u010dna storitev za stranke po po\u0161tenih cenah!<br \/>Ve\u010d kot 60 vnaprej name\u0161\u010denih receptov za koktajle z mo\u017enostjo dodajanja brez<br \/>skrb in trud.<\/p><p>Enakomerno \u010di\u0161\u010denje poteka s pritiskom na gumb.<br \/>Povezava z do 14 razli\u010dnimi \u017ee pripravljenimi sestavinami (alkoholne pija\u010de, likerji, sokovi)<br \/>Od leta 2013 se aktivno ukvarjamo z oddajo na\u0161ih Cocktailchef sistemov.<\/p>\t\t\t\t\t\t\t\t<\/div>\n\t\t\t\t<\/div>\n\t\t\t\t\t<\/div>\n\t\t<\/div>\n\t\t\t\t<div class=\"elementor-column elementor-col-50 elementor-top-column elementor-element elementor-element-69ba30d\" data-id=\"69ba30d\" data-element_type=\"column\" data-e-type=\"column\">\n\t\t\t<div class=\"elementor-widget-wrap elementor-element-populated\">\n\t\t\t\t\t\t<div class=\"elementor-element elementor-element-e8ddc59 elementor-widget elementor-widget-text-editor\" data-id=\"e8ddc59\" data-element_type=\"widget\" data-e-type=\"widget\" data-widget_type=\"text-editor.default\">\n\t\t\t\t<div class=\"elementor-widget-container\">\n\t\t\t\t\t\t\t\t\t<p>Z realnimi \u0161tevilkami in primeri vam bomo pokazali, kako za\u010deti<br \/>letos s sestanki na kraju samem v va\u0161i regiji in zgradite uspe\u0161no fran\u0161izo<br \/>posel.<\/p><p>Vstopna cena fran\u0161ize in naprave je v primerjavi z drugimi zelo nizka<br \/>fran\u0161ize, donos kapitala zelo hiter<br \/>\u017de en dogodek lahko pokrije stro\u0161ke leasing-storitve, tj. licen\u010dnina se pla\u010da na koktajl<br \/>1 evro samo ob prodaji izdelka (koktajl).<\/p><p>Do\u017eivljenjska garancija: Amortizacija nalo\u017ebe:<br \/>krsti, sejmi, rojstni dnevi,<br \/>Mobilnost:<br \/>poroke, advent, ma\u0161kare,<br \/>Popoln nadzor stro\u0161kov preko integriranega \u0161tevca: poslovna sre\u010danja<br \/>Dejansko obra\u010dunavanje<br \/>Poraba brez ostankov<br \/>Vse sestavine in kompletni dodatki.<\/p><p>POSTANI SAM SVOJ \u0160EF<\/p><p>POSTANI KOKTAJL CHEF<\/p><p>Za razli\u010dna Catering podjetja za restavratorje, ki \u0161irijo in izpopolnjujejo svoje<br \/>delo, za male obrtnike in za navadne \u00bbmale ljudi\u00ab z malo prihrankov<br \/>ki namesto da bi jim vrednost denarja zni\u017eala inflacija, vlagajo v Cocktailchef<br \/>fran\u0161iza: kjer naprava ostane in se lahko licenca proda naprej.<br \/>Poleg vsega tega fran\u0161iza Cocktailchef zagotavlja vse\u017eivljenjsko podporo in priznanje<br \/>blagovne znamke, preprostost poslovnega modela, trajnost poslovanja in odli\u010dno<br \/>za\u010detni polo\u017eaj pri ustanavljanju podjetja z minimalnim vlo\u017ekom.<\/p><p>\u0160e vedno smo na poti \u0161iritve. Tudi vi lahko enkrat uporabite na\u0161e omre\u017eje<br \/>postanete del dru\u017eine CC.<\/p>\t\t\t\t\t\t\t\t<\/div>\n\t\t\t\t<\/div>\n\t\t\t\t\t<\/div>\n\t\t<\/div>\n\t\t\t\t\t<\/div>\n\t\t<\/section>\n\t\t\t\t<section class=\"elementor-section elementor-top-section elementor-element elementor-element-f4f298d elementor-section-full_width elementor-section-height-default elementor-section-height-default\" data-id=\"f4f298d\" data-element_type=\"section\" data-e-type=\"section\">\n\t\t\t\t\t\t<div class=\"elementor-container elementor-column-gap-default\">\n\t\t\t\t\t<div class=\"elementor-column elementor-col-100 elementor-top-column elementor-element elementor-element-349554fc\" data-id=\"349554fc\" data-element_type=\"column\" data-e-type=\"column\">\n\t\t\t<div class=\"elementor-widget-wrap elementor-element-populated\">\n\t\t\t\t\t\t<div class=\"elementor-element elementor-element-4e8de2b2 elementor-widget elementor-widget-theme-site-logo elementor-widget-image\" data-id=\"4e8de2b2\" data-element_type=\"widget\" data-e-type=\"widget\" data-widget_type=\"theme-site-logo.default\">\n\t\t\t\t<div class=\"elementor-widget-container\">\n\t\t\t\t\t\t\t\t\t\t\t<a href=\"https:\/\/cocktailchef.hr\/sl\">\n\t\t\t<img fetchpriority=\"high\" decoding=\"async\" width=\"3104\" height=\"1802\" src=\"https:\/\/cocktailchef.hr\/wp-content\/uploads\/2023\/09\/Cocktailchef_Logo_3_21_94_0.png\" class=\"attachment-full size-full wp-image-247\" alt=\"\" srcset=\"https:\/\/cocktailchef.hr\/wp-content\/uploads\/2023\/09\/Cocktailchef_Logo_3_21_94_0.png 3104w, https:\/\/cocktailchef.hr\/wp-content\/uploads\/2023\/09\/Cocktailchef_Logo_3_21_94_0-300x174.png 300w, https:\/\/cocktailchef.hr\/wp-content\/uploads\/2023\/09\/Cocktailchef_Logo_3_21_94_0-1024x594.png 1024w, https:\/\/cocktailchef.hr\/wp-content\/uploads\/2023\/09\/Cocktailchef_Logo_3_21_94_0-768x446.png 768w, https:\/\/cocktailchef.hr\/wp-content\/uploads\/2023\/09\/Cocktailchef_Logo_3_21_94_0-1536x892.png 1536w, https:\/\/cocktailchef.hr\/wp-content\/uploads\/2023\/09\/Cocktailchef_Logo_3_21_94_0-2048x1189.png 2048w\" sizes=\"(max-width: 3104px) 100vw, 3104px\" \/>\t\t\t\t<\/a>\n\t\t\t\t\t\t\t\t\t\t\t<\/div>\n\t\t\t\t<\/div>\n\t\t\t\t\t<\/div>\n\t\t<\/div>\n\t\t\t\t\t<\/div>\n\t\t<\/section>\n\t\t\t\t<section class=\"elementor-section elementor-top-section elementor-element elementor-element-62c740ed elementor-section-full_width elementor-section-height-default elementor-section-height-default\" data-id=\"62c740ed\" data-element_type=\"section\" data-e-type=\"section\">\n\t\t\t\t\t\t<div class=\"elementor-container elementor-column-gap-default\">\n\t\t\t\t\t<div class=\"elementor-column elementor-col-100 elementor-top-column elementor-element elementor-element-665d7695\" data-id=\"665d7695\" data-element_type=\"column\" data-e-type=\"column\">\n\t\t\t<div class=\"elementor-widget-wrap elementor-element-populated\">\n\t\t\t\t\t\t<div class=\"elementor-element elementor-element-667291b elementor-widget-divider--view-line elementor-widget elementor-widget-divider\" data-id=\"667291b\" data-element_type=\"widget\" data-e-type=\"widget\" data-widget_type=\"divider.default\">\n\t\t\t\t<div class=\"elementor-widget-container\">\n\t\t\t\t\t\t\t<div class=\"elementor-divider\">\n\t\t\t<span class=\"elementor-divider-separator\">\n\t\t\t\t\t\t<\/span>\n\t\t<\/div>\n\t\t\t\t\t\t<\/div>\n\t\t\t\t<\/div>\n\t\t\t\t\t<\/div>\n\t\t<\/div>\n\t\t\t\t\t<\/div>\n\t\t<\/section>\n\t\t\t\t<section class=\"elementor-section elementor-top-section elementor-element elementor-element-7b9e32bc elementor-section-full_width elementor-section-height-default elementor-section-height-default\" data-id=\"7b9e32bc\" data-element_type=\"section\" data-e-type=\"section\">\n\t\t\t\t\t\t<div class=\"elementor-container elementor-column-gap-default\">\n\t\t\t\t\t<div class=\"elementor-column elementor-col-100 elementor-top-column elementor-element elementor-element-78b495e7\" data-id=\"78b495e7\" data-element_type=\"column\" data-e-type=\"column\">\n\t\t\t<div class=\"elementor-widget-wrap elementor-element-populated\">\n\t\t\t\t\t\t<div class=\"elementor-element elementor-element-58e0967a elementor-arrows-position-inside elementor-pagination-position-outside elementor-widget elementor-widget-image-carousel\" data-id=\"58e0967a\" data-element_type=\"widget\" data-e-type=\"widget\" data-settings=\"{&quot;slides_to_show&quot;:&quot;3&quot;,&quot;lazyload&quot;:&quot;yes&quot;,&quot;navigation&quot;:&quot;both&quot;,&quot;autoplay&quot;:&quot;yes&quot;,&quot;pause_on_hover&quot;:&quot;yes&quot;,&quot;pause_on_interaction&quot;:&quot;yes&quot;,&quot;autoplay_speed&quot;:5000,&quot;infinite&quot;:&quot;yes&quot;,&quot;speed&quot;:500}\" data-widget_type=\"image-carousel.default\">\n\t\t\t\t<div class=\"elementor-widget-container\">\n\t\t\t\t\t\t\t<div class=\"elementor-image-carousel-wrapper swiper\" role=\"region\" aria-roledescription=\"carousel\" aria-label=\"Vrtuljak slika\" dir=\"ltr\">\n\t\t\t<div class=\"elementor-image-carousel swiper-wrapper swiper-image-stretch\" aria-live=\"off\">\n\t\t\t\t\t\t\t\t<div class=\"swiper-slide\" role=\"group\" aria-roledescription=\"slide\" aria-label=\"1 od 6\"><figure class=\"swiper-slide-inner\"><img class=\"swiper-slide-image swiper-lazy\" data-src=\"https:\/\/cocktailchef.hr\/wp-content\/uploads\/2023\/09\/162_galerie12-1.jpg\" alt=\"162_galerie12.jpg\" \/><div class=\"swiper-lazy-preloader\"><\/div><\/figure><\/div><div class=\"swiper-slide\" role=\"group\" aria-roledescription=\"slide\" aria-label=\"2 od 6\"><figure class=\"swiper-slide-inner\"><img class=\"swiper-slide-image swiper-lazy\" data-src=\"https:\/\/cocktailchef.hr\/wp-content\/uploads\/2023\/09\/163_galerie9-1.jpg\" alt=\"163_galerie9.jpg\" \/><div class=\"swiper-lazy-preloader\"><\/div><\/figure><\/div><div class=\"swiper-slide\" role=\"group\" aria-roledescription=\"slide\" aria-label=\"3 od 6\"><figure class=\"swiper-slide-inner\"><img class=\"swiper-slide-image swiper-lazy\" data-src=\"https:\/\/cocktailchef.hr\/wp-content\/uploads\/2023\/09\/154_galerie10-1.jpg\" alt=\"154_galerie10.jpg\" \/><div class=\"swiper-lazy-preloader\"><\/div><\/figure><\/div><div class=\"swiper-slide\" role=\"group\" aria-roledescription=\"slide\" aria-label=\"4 od 6\"><figure class=\"swiper-slide-inner\"><img class=\"swiper-slide-image swiper-lazy\" data-src=\"https:\/\/cocktailchef.hr\/wp-content\/uploads\/2023\/09\/158_galerie3-1.jpg\" alt=\"158_galerie3.jpg\" \/><div class=\"swiper-lazy-preloader\"><\/div><\/figure><\/div><div class=\"swiper-slide\" role=\"group\" aria-roledescription=\"slide\" aria-label=\"5 od 6\"><figure class=\"swiper-slide-inner\"><img class=\"swiper-slide-image swiper-lazy\" data-src=\"https:\/\/cocktailchef.hr\/wp-content\/uploads\/2023\/09\/166_galerie7-1-1.jpg\" alt=\"166_galerie7-1.jpg\" \/><div class=\"swiper-lazy-preloader\"><\/div><\/figure><\/div><div class=\"swiper-slide\" role=\"group\" aria-roledescription=\"slide\" aria-label=\"6 od 6\"><figure class=\"swiper-slide-inner\"><img class=\"swiper-slide-image swiper-lazy\" data-src=\"https:\/\/cocktailchef.hr\/wp-content\/uploads\/2023\/09\/159_galerie5-1.jpg\" alt=\"159_galerie5.jpg\" \/><div class=\"swiper-lazy-preloader\"><\/div><\/figure><\/div>\t\t\t<\/div>\n\t\t\t\t\t\t\t\t\t\t\t\t<div class=\"elementor-swiper-button elementor-swiper-button-prev\" role=\"button\" tabindex=\"0\">\n\t\t\t\t\t\t<i aria-hidden=\"true\" class=\"eicon-chevron-left\"><\/i>\t\t\t\t\t<\/div>\n\t\t\t\t\t<div class=\"elementor-swiper-button elementor-swiper-button-next\" role=\"button\" tabindex=\"0\">\n\t\t\t\t\t\t<i aria-hidden=\"true\" class=\"eicon-chevron-right\"><\/i>\t\t\t\t\t<\/div>\n\t\t\t\t\n\t\t\t\t\t\t\t\t\t<div class=\"swiper-pagination\"><\/div>\n\t\t\t\t\t\t\t\t\t<\/div>\n\t\t\t\t\t\t<\/div>\n\t\t\t\t<\/div>\n\t\t\t\t\t<\/div>\n\t\t<\/div>\n\t\t\t\t\t<\/div>\n\t\t<\/section>\n\t\t\t\t<\/div>","protected":false},"excerpt":{"rendered":"<p>O nama Jedinstveni u Hrvatskoj i na prostoru regijePOSTANI SAM SVOJ \u0160EF UZ COCKTAILCHEF &#8211; \u017dELITE DODATNU ZARADU ILIPASIVNI PRIHOD Postanite poslovni partner u sna\u017enom i uspje\u0161nom Cocktailchef timu!Zaboravite na te\u0161ke postavke ili glavobolje oko personala, sa Cocktail Chef Baromsve je jednostavno.Uz redovan posao mo\u017eete dodatno zaraditi-rade\u0107i samovikendom ili po dogovoru-proizvod \u0161iri pozitivu kod gostiju [&hellip;]<\/p>\n","protected":false},"author":1,"featured_media":0,"parent":0,"menu_order":0,"comment_status":"closed","ping_status":"closed","template":"","meta":{"footnotes":""},"class_list":["post-107","page","type-page","status-publish","hentry"],"yoast_head":"<!-- This site is optimized with the Yoast SEO plugin v26.9 - https:\/\/yoast.com\/product\/yoast-seo-wordpress\/ -->\n<title>O nama - Cocktail Chef<\/title>\n<meta name=\"robots\" content=\"index, follow, max-snippet:-1, max-image-preview:large, max-video-preview:-1\" \/>\n<link rel=\"canonical\" href=\"https:\/\/cocktailchef.hr\/sl\/o-nama\/\" \/>\n<meta property=\"og:locale\" content=\"sl_SI\" \/>\n<meta property=\"og:type\" content=\"article\" \/>\n<meta property=\"og:title\" content=\"O nama - Cocktail Chef\" \/>\n<meta property=\"og:description\" content=\"O nama Jedinstveni u Hrvatskoj i na prostoru regijePOSTANI SAM SVOJ \u0160EF UZ COCKTAILCHEF &#8211; \u017dELITE DODATNU ZARADU ILIPASIVNI PRIHOD Postanite poslovni partner u sna\u017enom i uspje\u0161nom Cocktailchef timu!Zaboravite na te\u0161ke postavke ili glavobolje oko personala, sa Cocktail Chef Baromsve je jednostavno.Uz redovan posao mo\u017eete dodatno zaraditi-rade\u0107i samovikendom ili po dogovoru-proizvod \u0161iri pozitivu kod gostiju [&hellip;]\" \/>\n<meta property=\"og:url\" content=\"https:\/\/cocktailchef.hr\/sl\/o-nama\/\" \/>\n<meta property=\"og:site_name\" content=\"Cocktail Chef\" \/>\n<meta property=\"article:modified_time\" content=\"2023-10-23T12:26:49+00:00\" \/>\n<meta property=\"og:image\" content=\"https:\/\/cocktailchef.hr\/wp-content\/uploads\/2023\/09\/162_galerie12-1.jpg\" \/>\n<meta name=\"twitter:card\" content=\"summary_large_image\" \/>\n<meta name=\"twitter:label1\" content=\"Est. reading time\" \/>\n\t<meta name=\"twitter:data1\" content=\"5 minut\" \/>\n<script type=\"application\/ld+json\" class=\"yoast-schema-graph\">{\"@context\":\"https:\/\/schema.org\",\"@graph\":[{\"@type\":\"WebPage\",\"@id\":\"https:\/\/cocktailchef.hr\/o-nama\/\",\"url\":\"https:\/\/cocktailchef.hr\/o-nama\/\",\"name\":\"O nama - Cocktail Chef\",\"isPartOf\":{\"@id\":\"https:\/\/cocktailchef.hr\/#website\"},\"primaryImageOfPage\":{\"@id\":\"https:\/\/cocktailchef.hr\/o-nama\/#primaryimage\"},\"image\":{\"@id\":\"https:\/\/cocktailchef.hr\/o-nama\/#primaryimage\"},\"thumbnailUrl\":\"https:\/\/cocktailchef.hr\/wp-content\/uploads\/2023\/09\/162_galerie12-1.jpg\",\"datePublished\":\"2023-09-11T12:41:14+00:00\",\"dateModified\":\"2023-10-23T12:26:49+00:00\",\"breadcrumb\":{\"@id\":\"https:\/\/cocktailchef.hr\/o-nama\/#breadcrumb\"},\"inLanguage\":\"sl-SI\",\"potentialAction\":[{\"@type\":\"ReadAction\",\"target\":[\"https:\/\/cocktailchef.hr\/o-nama\/\"]}]},{\"@type\":\"ImageObject\",\"inLanguage\":\"sl-SI\",\"@id\":\"https:\/\/cocktailchef.hr\/o-nama\/#primaryimage\",\"url\":\"https:\/\/cocktailchef.hr\/wp-content\/uploads\/2023\/09\/162_galerie12-1.jpg\",\"contentUrl\":\"https:\/\/cocktailchef.hr\/wp-content\/uploads\/2023\/09\/162_galerie12-1.jpg\"},{\"@type\":\"BreadcrumbList\",\"@id\":\"https:\/\/cocktailchef.hr\/o-nama\/#breadcrumb\",\"itemListElement\":[{\"@type\":\"ListItem\",\"position\":1,\"name\":\"Home\",\"item\":\"https:\/\/cocktailchef.hr\/\"},{\"@type\":\"ListItem\",\"position\":2,\"name\":\"O nama\"}]},{\"@type\":\"WebSite\",\"@id\":\"https:\/\/cocktailchef.hr\/#website\",\"url\":\"https:\/\/cocktailchef.hr\/\",\"name\":\"Cocktail Chef\",\"description\":\"\",\"publisher\":{\"@id\":\"https:\/\/cocktailchef.hr\/#organization\"},\"potentialAction\":[{\"@type\":\"SearchAction\",\"target\":{\"@type\":\"EntryPoint\",\"urlTemplate\":\"https:\/\/cocktailchef.hr\/?s={search_term_string}\"},\"query-input\":{\"@type\":\"PropertyValueSpecification\",\"valueRequired\":true,\"valueName\":\"search_term_string\"}}],\"inLanguage\":\"sl-SI\"},{\"@type\":\"Organization\",\"@id\":\"https:\/\/cocktailchef.hr\/#organization\",\"name\":\"Cocktail Chef\",\"url\":\"https:\/\/cocktailchef.hr\/\",\"logo\":{\"@type\":\"ImageObject\",\"inLanguage\":\"sl-SI\",\"@id\":\"https:\/\/cocktailchef.hr\/#\/schema\/logo\/image\/\",\"url\":\"https:\/\/cocktailchef.hr\/wp-content\/uploads\/2023\/09\/Cocktailchef_Logo_3_21_94_0.png\",\"contentUrl\":\"https:\/\/cocktailchef.hr\/wp-content\/uploads\/2023\/09\/Cocktailchef_Logo_3_21_94_0.png\",\"width\":3104,\"height\":1802,\"caption\":\"Cocktail Chef \"},\"image\":{\"@id\":\"https:\/\/cocktailchef.hr\/#\/schema\/logo\/image\/\"},\"sameAs\":[\"https:\/\/www.instagram.com\/cocktailchefcroatia\/#\"]}]}<\/script>\n<!-- \/ Yoast SEO plugin. -->","yoast_head_json":{"title":"O nama - Cocktail Chef","robots":{"index":"index","follow":"follow","max-snippet":"max-snippet:-1","max-image-preview":"max-image-preview:large","max-video-preview":"max-video-preview:-1"},"canonical":"https:\/\/cocktailchef.hr\/sl\/o-nama\/","og_locale":"sl_SI","og_type":"article","og_title":"O nama - Cocktail Chef","og_description":"O nama Jedinstveni u Hrvatskoj i na prostoru regijePOSTANI SAM SVOJ \u0160EF UZ COCKTAILCHEF &#8211; \u017dELITE DODATNU ZARADU ILIPASIVNI PRIHOD Postanite poslovni partner u sna\u017enom i uspje\u0161nom Cocktailchef timu!Zaboravite na te\u0161ke postavke ili glavobolje oko personala, sa Cocktail Chef Baromsve je jednostavno.Uz redovan posao mo\u017eete dodatno zaraditi-rade\u0107i samovikendom ili po dogovoru-proizvod \u0161iri pozitivu kod gostiju [&hellip;]","og_url":"https:\/\/cocktailchef.hr\/sl\/o-nama\/","og_site_name":"Cocktail Chef","article_modified_time":"2023-10-23T12:26:49+00:00","og_image":[{"url":"https:\/\/cocktailchef.hr\/wp-content\/uploads\/2023\/09\/162_galerie12-1.jpg","type":"","width":"","height":""}],"twitter_card":"summary_large_image","twitter_misc":{"Est. reading time":"5 minut"},"schema":{"@context":"https:\/\/schema.org","@graph":[{"@type":"WebPage","@id":"https:\/\/cocktailchef.hr\/o-nama\/","url":"https:\/\/cocktailchef.hr\/o-nama\/","name":"O nama - Cocktail Chef","isPartOf":{"@id":"https:\/\/cocktailchef.hr\/#website"},"primaryImageOfPage":{"@id":"https:\/\/cocktailchef.hr\/o-nama\/#primaryimage"},"image":{"@id":"https:\/\/cocktailchef.hr\/o-nama\/#primaryimage"},"thumbnailUrl":"https:\/\/cocktailchef.hr\/wp-content\/uploads\/2023\/09\/162_galerie12-1.jpg","datePublished":"2023-09-11T12:41:14+00:00","dateModified":"2023-10-23T12:26:49+00:00","breadcrumb":{"@id":"https:\/\/cocktailchef.hr\/o-nama\/#breadcrumb"},"inLanguage":"sl-SI","potentialAction":[{"@type":"ReadAction","target":["https:\/\/cocktailchef.hr\/o-nama\/"]}]},{"@type":"ImageObject","inLanguage":"sl-SI","@id":"https:\/\/cocktailchef.hr\/o-nama\/#primaryimage","url":"https:\/\/cocktailchef.hr\/wp-content\/uploads\/2023\/09\/162_galerie12-1.jpg","contentUrl":"https:\/\/cocktailchef.hr\/wp-content\/uploads\/2023\/09\/162_galerie12-1.jpg"},{"@type":"BreadcrumbList","@id":"https:\/\/cocktailchef.hr\/o-nama\/#breadcrumb","itemListElement":[{"@type":"ListItem","position":1,"name":"Home","item":"https:\/\/cocktailchef.hr\/"},{"@type":"ListItem","position":2,"name":"O nama"}]},{"@type":"WebSite","@id":"https:\/\/cocktailchef.hr\/#website","url":"https:\/\/cocktailchef.hr\/","name":"Cocktail Chef","description":"","publisher":{"@id":"https:\/\/cocktailchef.hr\/#organization"},"potentialAction":[{"@type":"SearchAction","target":{"@type":"EntryPoint","urlTemplate":"https:\/\/cocktailchef.hr\/?s={search_term_string}"},"query-input":{"@type":"PropertyValueSpecification","valueRequired":true,"valueName":"search_term_string"}}],"inLanguage":"sl-SI"},{"@type":"Organization","@id":"https:\/\/cocktailchef.hr\/#organization","name":"Cocktail Chef","url":"https:\/\/cocktailchef.hr\/","logo":{"@type":"ImageObject","inLanguage":"sl-SI","@id":"https:\/\/cocktailchef.hr\/#\/schema\/logo\/image\/","url":"https:\/\/cocktailchef.hr\/wp-content\/uploads\/2023\/09\/Cocktailchef_Logo_3_21_94_0.png","contentUrl":"https:\/\/cocktailchef.hr\/wp-content\/uploads\/2023\/09\/Cocktailchef_Logo_3_21_94_0.png","width":3104,"height":1802,"caption":"Cocktail Chef "},"image":{"@id":"https:\/\/cocktailchef.hr\/#\/schema\/logo\/image\/"},"sameAs":["https:\/\/www.instagram.com\/cocktailchefcroatia\/#"]}]}},"jetpack_sharing_enabled":true,"_links":{"self":[{"href":"https:\/\/cocktailchef.hr\/sl\/wp-json\/wp\/v2\/pages\/107","targetHints":{"allow":["GET"]}}],"collection":[{"href":"https:\/\/cocktailchef.hr\/sl\/wp-json\/wp\/v2\/pages"}],"about":[{"href":"https:\/\/cocktailchef.hr\/sl\/wp-json\/wp\/v2\/types\/page"}],"author":[{"embeddable":true,"href":"https:\/\/cocktailchef.hr\/sl\/wp-json\/wp\/v2\/users\/1"}],"replies":[{"embeddable":true,"href":"https:\/\/cocktailchef.hr\/sl\/wp-json\/wp\/v2\/comments?post=107"}],"version-history":[{"count":19,"href":"https:\/\/cocktailchef.hr\/sl\/wp-json\/wp\/v2\/pages\/107\/revisions"}],"predecessor-version":[{"id":314,"href":"https:\/\/cocktailchef.hr\/sl\/wp-json\/wp\/v2\/pages\/107\/revisions\/314"}],"wp:attachment":[{"href":"https:\/\/cocktailchef.hr\/sl\/wp-json\/wp\/v2\/media?parent=107"}],"curies":[{"name":"wp","href":"https:\/\/api.w.org\/{rel}","templated":true}]}}